{"id":71,"date":"2024-02-06T15:32:51","date_gmt":"2024-02-06T15:32:51","guid":{"rendered":"https:\/\/videolyricsexpress.com\/?page_id=71"},"modified":"2024-02-14T20:04:34","modified_gmt":"2024-02-15T01:04:34","slug":"video-customization","status":"publish","type":"page","link":"https:\/\/videolyricsexpress.com\/index.php\/video-customization\/","title":{"rendered":"Video Customization"},"content":{"rendered":"\n<!DOCTYPE html>\n<html lang=\"es\">\n<head>\n    <meta charset=\"UTF-8\">\n    <title>Transcripci\u00f3n de Audio a Texto<\/title>\n    <style>\n        body {\n            font-family: 'Arial', sans-serif;\n            padding: 20px;\n            background-color: #f0f8ff;\n        }\n        form {\n            background: #fff;\n            padding: 20px;\n            border-radius: 8px;\n            box-shadow: 0 0 15px rgba(0, 0, 0, 0.2);\n            margin-bottom: 20px;\n        }\n        label, .transcription-result {\n            display: block;\n            margin: 15px 0 10px;\n            font-size: 16px;\n            color: #333;\n        }\n        input[type=\"text\"],\n        input[type=\"email\"],\n        select,\n        input[type=\"file\"] {\n            width: 100%;\n            padding: 12px;\n            margin-bottom: 25px;\n            border-radius: 4px;\n            border: 1px solid #ccc;\n            box-sizing: border-box;\n        }\n        input[type=\"submit\"] {\n            width: 100%;\n            padding: 12px;\n            border: none;\n            border-radius: 4px;\n            background-color: #007bff;\n            color: white;\n            font-size: 16px;\n            cursor: pointer;\n        }\n        input[type=\"submit\"]:hover {\n            background-color: #0056b3;\n        }\n        .note {\n            font-size: 0.9em;\n            color: #666;\n            margin-top: -5px;\n            margin-bottom: 20px;\n        }\n    <\/style>\n<\/head>\n<body>\n\n<form id=\"upload-form\" enctype=\"multipart\/form-data\">\n    <h2 style=\"color: #333;\">Transcribe tu Audio a Texto<\/h2>\n\n    <label for=\"file\">Archivo de Audio:<\/label>\n    <input type=\"file\" id=\"file\" name=\"file\" accept=\"audio\/*\" required>\n\n    <label for=\"language\">Idioma del Audio:<\/label>\n    <select id=\"language\" name=\"language\" required>\n        <option value=\"auto\">Detectar idioma autom\u00e1ticamente<\/option>\n        <option value=\"es-ES\">Espa\u00f1ol (Espa\u00f1a)<\/option>\n        <option value=\"en-US\">Ingl\u00e9s (Estados Unidos)<\/option>\n        <option value=\"en-GB\">Ingl\u00e9s (Reino Unido)<\/option>\n        <option value=\"fr-FR\">Franc\u00e9s (Francia)<\/option>\n        <option value=\"de-DE\">Alem\u00e1n (Alemania)<\/option>\n    <\/select>\n\n    <label for=\"email\">Direcci\u00f3n de Correo Electr\u00f3nico:<\/label>\n    <input type=\"email\" id=\"email\" name=\"email\" placeholder=\"Ejemplo: tuemail@dominio.com\" required>\n\n    <input type=\"submit\" value=\"Subir y Transcribir\">\n<\/form>\n\n<!-- Elemento para mostrar la transcripci\u00f3n -->\n<div class=\"transcription-result\" id=\"transcription-result\"><\/div>\n\n<script>\ndocument.addEventListener('DOMContentLoaded', function() {\n    const form = document.querySelector('#upload-form');\n    const transcriptionResult = document.getElementById('transcription-result');\n\n    form.addEventListener('submit', function(e) {\n        e.preventDefault(); \/\/ Evita el env\u00edo tradicional del formulario\n\n        const formData = new FormData(form);\n        \n        fetch('https:\/\/us-central1-videolyricsexpress.cloudfunctions.net\/function007', {\n            method: 'POST',\n            body: formData\n        })\n        .then(response => {\n            if (!response.ok) {\n                throw new Error('La solicitud a la funci\u00f3n de Cloud no fue exitosa.');\n            }\n            return response.json();\n        })\n        .then(data => {\n            if (data.transcription) {\n                console.log('Transcripci\u00f3n:', data);\n                \/\/ Muestra la transcripci\u00f3n en la p\u00e1gina\n                transcriptionResult.textContent = 'Transcripci\u00f3n recibida: ' + data.transcription;\n            } else {\n                console.log('La respuesta no incluye la transcripci\u00f3n:', data);\n                transcriptionResult.textContent = 'La transcripci\u00f3n no est\u00e1 disponible o hubo un error.';\n            }\n        })\n        .catch(error => {\n            console.error('Error:', error);\n            transcriptionResult.textContent = 'Ocurri\u00f3 un error al procesar tu solicitud: ' + error.message;\n        });\n    });\n});\n<\/script>\n\n<\/body>\n<\/html>\n\n\n\n\n<p><\/p>\n","protected":false},"excerpt":{"rendered":"<p>Transcripci\u00f3n de Audio a Texto Transcribe tu Audio a Texto Archivo de Audio: Idioma del Audio: Detectar idioma autom\u00e1ticamenteEspa\u00f1ol (Espa\u00f1a)Ingl\u00e9s (Estados Unidos)Ingl\u00e9s (Reino Unido)Franc\u00e9s (Francia)Alem\u00e1n (Alemania) Direcci\u00f3n de Correo Electr\u00f3nico:<\/p>\n","protected":false},"author":1,"featured_media":0,"parent":0,"menu_order":0,"comment_status":"closed","ping_status":"closed","template":"","meta":{"_monsterinsights_skip_tracking":false,"_monsterinsights_sitenote_active":false,"_monsterinsights_sitenote_note":"","_monsterinsights_sitenote_category":0,"footnotes":""},"class_list":["post-71","page","type-page","status-publish","hentry"],"_links":{"self":[{"href":"https:\/\/videolyricsexpress.com\/index.php\/wp-json\/wp\/v2\/pages\/71","targetHints":{"allow":["GET"]}}],"collection":[{"href":"https:\/\/videolyricsexpress.com\/index.php\/wp-json\/wp\/v2\/pages"}],"about":[{"href":"https:\/\/videolyricsexpress.com\/index.php\/wp-json\/wp\/v2\/types\/page"}],"author":[{"embeddable":true,"href":"https:\/\/videolyricsexpress.com\/index.php\/wp-json\/wp\/v2\/users\/1"}],"replies":[{"embeddable":true,"href":"https:\/\/videolyricsexpress.com\/index.php\/wp-json\/wp\/v2\/comments?post=71"}],"version-history":[{"count":26,"href":"https:\/\/videolyricsexpress.com\/index.php\/wp-json\/wp\/v2\/pages\/71\/revisions"}],"predecessor-version":[{"id":134,"href":"https:\/\/videolyricsexpress.com\/index.php\/wp-json\/wp\/v2\/pages\/71\/revisions\/134"}],"wp:attachment":[{"href":"https:\/\/videolyricsexpress.com\/index.php\/wp-json\/wp\/v2\/media?parent=71"}],"curies":[{"name":"wp","href":"https:\/\/api.w.org\/{rel}","templated":true}]}}